{"id":17,"date":"2013-01-25T18:08:43","date_gmt":"2013-01-25T17:08:43","guid":{"rendered":"https:\/\/hungarologija.ffzg.unizg.hr\/?page_id=17"},"modified":"2021-10-02T22:00:09","modified_gmt":"2021-10-02T20:00:09","slug":"kristina-katalinic","status":"publish","type":"page","link":"https:\/\/hungarologija.ffzg.unizg.hr\/?page_id=17","title":{"rendered":"dr. sc. Kristina Katalini\u0107, docentica"},"content":{"rendered":"<p>Kristina Katalini\u0107 diplomirala je hungarologiju i kroatistiku na Filozofskom fakultetu Sveu\u010dili\u0161ta u Zagrebu. Od 2001. do 2004. godine radila je kao profesorica hrvatskog jezika u Srednjoj \u0161koli Marka Maruli\u0107a u Slatini, a od 2004. do 2007. kao lektorica za hrvatski jezik na Institutu za slavenske i balti\u010dke filologije na Sveu\u010dili\u0161tu ELTE u Budimpe\u0161ti. Na Katedri za hungarologiju Filozofskog fakulteta u Zagrebu radi od 2007. godine. Predaje fonologiju, morfologiju i povijest ma\u0111arskog jezika, te knji\u017eevno i stru\u010dno prevo\u0111enje. 2013. na Sveu\u010dili\u0161tu ELTE u Budimpe\u0161ti obranila je doktorski rad s temom&nbsp;<em>Hungarizmi u hrvatskom knji\u017eevnom jeziku od kraja 16. do polovice 18. stolje\u0107a<\/em>.&nbsp;U vi\u0161e je prilika boravila na vi\u0161emjese\u010dnim istra\u017eiva\u010dkim stipendijama koje dodjeljuje ma\u0111arska vlada. Prevela je nekoliko romana te vi\u0161e znanstvenih i stru\u010dnih tekstova s ma\u0111arskog jezika. Njezin znanstveni rad usmjeren je na podru\u010dja ma\u0111arskog kao stranog jezika, konstrastivnog jezikoslovlja, traduktologije, sociolingvistike.&nbsp;<\/p>\n<p>Bibliografija:&nbsp; &nbsp; &nbsp; &nbsp; &nbsp; &nbsp; &nbsp; &nbsp; &nbsp; &nbsp; &nbsp; &nbsp; &nbsp; &nbsp; &nbsp; &nbsp; &nbsp; &nbsp; &nbsp; &nbsp; &nbsp; &nbsp; &nbsp; &nbsp; &nbsp; &nbsp; &nbsp; &nbsp; &nbsp; &nbsp; &nbsp; &nbsp; &nbsp; &nbsp; &nbsp; &nbsp; &nbsp; &nbsp; &nbsp; &nbsp; &nbsp; &nbsp; https:\/\/www.bib.irb.hr\/pretragaoperators=and|Katalini%C4%87,%20Kristina%20%2823995%29|text|profile<\/p>\n","protected":false},"excerpt":{"rendered":"<p>Kristina Katalini\u0107 diplomirala je hungarologiju i kroatistiku na Filozofskom fakultetu Sveu\u010dili\u0161ta u Zagrebu. Od 2001. do 2004. godine radila je kao profesorica hrvatskog jezika u Srednjoj \u0161koli Marka Maruli\u0107a u Slatini, a od 2004. do 2007. kao lektorica za hrvatski &hellip; <a href=\"https:\/\/hungarologija.ffzg.unizg.hr\/?page_id=17\">Nastavi \u010ditati <span class=\"meta-nav\">&rarr;<\/span><\/a><\/p>\n","protected":false},"author":1,"featured_media":0,"parent":482,"menu_order":0,"comment_status":"closed","ping_status":"closed","template":"","meta":{"ngg_post_thumbnail":0,"footnotes":""},"_links":{"self":[{"href":"https:\/\/hungarologija.ffzg.unizg.hr\/index.php?rest_route=\/wp\/v2\/pages\/17"}],"collection":[{"href":"https:\/\/hungarologija.ffzg.unizg.hr\/index.php?rest_route=\/wp\/v2\/pages"}],"about":[{"href":"https:\/\/hungarologija.ffzg.unizg.hr\/index.php?rest_route=\/wp\/v2\/types\/page"}],"author":[{"embeddable":true,"href":"https:\/\/hungarologija.ffzg.unizg.hr\/index.php?rest_route=\/wp\/v2\/users\/1"}],"replies":[{"embeddable":true,"href":"https:\/\/hungarologija.ffzg.unizg.hr\/index.php?rest_route=%2Fwp%2Fv2%2Fcomments&post=17"}],"version-history":[{"count":12,"href":"https:\/\/hungarologija.ffzg.unizg.hr\/index.php?rest_route=\/wp\/v2\/pages\/17\/revisions"}],"predecessor-version":[{"id":2269,"href":"https:\/\/hungarologija.ffzg.unizg.hr\/index.php?rest_route=\/wp\/v2\/pages\/17\/revisions\/2269"}],"up":[{"embeddable":true,"href":"https:\/\/hungarologija.ffzg.unizg.hr\/index.php?rest_route=\/wp\/v2\/pages\/482"}],"wp:attachment":[{"href":"https:\/\/hungarologija.ffzg.unizg.hr\/index.php?rest_route=%2Fwp%2Fv2%2Fmedia&parent=17"}],"curies":[{"name":"wp","href":"https:\/\/api.w.org\/{rel}","templated":true}]}}