{"id":25,"date":"2013-01-25T18:03:32","date_gmt":"2013-01-25T17:03:32","guid":{"rendered":"https:\/\/hungarologija.ffzg.unizg.hr\/?page_id=25"},"modified":"2014-04-17T22:19:04","modified_gmt":"2014-04-17T20:19:04","slug":"dr-sc-sandor-bene","status":"publish","type":"page","link":"https:\/\/hungarologija.ffzg.unizg.hr\/?page_id=25","title":{"rendered":"dr. sc. S\u00e1ndor Bene,"},"content":{"rendered":"<h2>\u017dIVOTOPIS:<\/h2>\n<p><strong>Studij i zaposlenje<\/strong><\/p>\n<p>1964. &#8211; ro\u0111en je u Budimpe\u0161ti<\/p>\n<p>1989. &#8211; diplomirao je klasi\u010dnu filologiju i ma\u0111arski jezik i knji\u017eevnost na\u00a0 Filolo\u0161kom fakultetu sveu\u010dili\u0161ta\u00a0 \u201eLor\u00e1nd E\u00f6tv\u00f6s\u201c u Budimpe\u0161ti<\/p>\n<p>1989\u20131992. &#8211; bavio se istra\u017eiva\u010dkim radom pripremaju\u0107i doktorat pri Institutu za knji\u017eevnost Ma\u0111arske akademije znanosti za koji ga stipendirala Komisija za znanost same Akademije<\/p>\n<p>1993. \u2013 zaposlio se pri istom Institutu za knji\u017eevnost, kao znanstveni novak<\/p>\n<p>1998. &#8211; doktorirao je u podru\u010dju znanosti o knji\u017eevnosti na Ma\u0111arskoj akademiji (kvalifikacijski rad: <em>Slava nebeska i slava zemaljska: povijest toposa javnoga mnijenja do polovice sedamnaestoga stolje\u0107a<\/em> [doktorska disertacija], Ma\u0111arska akademija znanosti, Budimpe\u0161ta, 1997.)<\/p>\n<p>1998. &#8211; vi\u0161i je znanstveni suradnik na Odjelu za renesansne studije Instituta<\/p>\n<p>2002.- urednik je rubrike \u201erecenzija\u201c u \u010dasopisu Instituta Irodalomt\u00f6rt\u00e9neti K\u00f6zlem\u00e9nyek (\u201ePrilozi za povijest knji\u017eevnosti\u201c)<\/p>\n<p>2007.- \u010dlan je uredni\u0161tva I.-og svezka nove <em>Povijesti ma\u0111arske knji\u017eevnosti<\/em>, u pripremi na Ma\u0111arskoj akademiji<\/p>\n<p><strong>\u00a0<\/strong><strong>Ostalo zaposljenje<\/strong><\/p>\n<p>1992\u20131993. &#8211; referent Ministarstva vanjskih poslova zadu\u017een za odnose Republike Ma\u0111arske s Republikom Italijom.<\/p>\n<p>1994.\u2013 predaje kao profesor stare ma\u0111arske knji\u017eevnosti na Filozofskom fakultetu Protestantskog sveu\u010dili\u0161ta \u201eG\u00e1sp\u00e1r K\u00e1rolyi\u201c u Budimpe\u0161ti<\/p>\n<p>1996\u20131999. &#8211; kao znanstveni suradnik (od 1998. do 1999. kao vi\u0161i znanstveni suradnik) Hrvatskog instituta za povijest, sudjeluje u znanstvenom projektu \u201eLatinisti\u010dka historiografija u Hrvatskoj\u201c, istra\u017euju\u0107i me\u0111usobne kulturne hrvatsko-ma\u0111arske utjecaje u sedamnaestom stolje\u0107u<\/p>\n<p>1999. \u2013 \u010dlan uredni\u0161tva \u010dasopisa Hrvatskog instituta za povijest \u201ePovijesni prilozi\u201c.<\/p>\n<p>2005.- imenovan je docentom na Katedru za staru ma\u0111arsku knji\u017eevnost Filozofskom fakultetu Protestantskog sveu\u010dili\u0161ta \u201eG\u00e1sp\u00e1r K\u00e1rolyi\u201c u Budimpe\u0161ti<\/p>\n<p>2006. &#8211; Izabran sam za zamjenika glavnog tajnika Me\u0111unarodne organizacije hungarolo\u0161kih studija (International Association of Hungarian Studies).<\/p>\n<p><strong>\u00a0<\/strong><strong>Stipendije, nagrade<\/strong><\/p>\n<p>1989. \u2013 nagrada za mlade istra\u017eiva\u010de Ma\u0111arske akademije<\/p>\n<p>1998\u20132001. \u2013 stipendist \u201eResearch Support Scheme\u201c (Prag\u2013Budimpe\u0161ta)<\/p>\n<p>1998\u20132001. te 2005\u20132008. &#8211; Stipendija za istra\u017eivanje \u201eJ\u00e1nos Bolyai\u201c Ma\u0111arske akademije znanosti<\/p>\n<p>2002. \u2013 Andrew Mellon Fellowship (Wolfenb\u00fcttel, Herzog August Bibliothek)<\/p>\n<p>2005\u20132006. \u2013 Andrew Mellon Fellowship (Firenze, Villa I Tatti \u2013 Harvard Renaissance Center)<\/p>\n<h2><\/h2>\n<h2>PUBLIKACIJE<\/h2>\n<p><strong>Knjige<\/strong><\/p>\n<ul type=\"disc\">\n<li><em>Zr\u00ednyi \u00e9s a vadkan<\/em> [suautor: Gell\u00e9rt Bori\u00e1n], Budimpe\u0161ta, Helikon, 1988., 139 str.<strong><\/strong><\/li>\n<li><em>Theatrum politicum: Nyilv\u00e1noss\u00e1g, k\u00f6zv\u00e9lem\u00e9ny \u00e9s irodalom a kora \u00fajkorban<\/em>, Debrecen, Kossuth Egyetemi Kiad\u00f3, 1999., 406 str.<strong><\/strong><\/li>\n<li><em>Egy kanonok h\u00e1rom kir\u00e1lys\u00e1ga: R\u00e1ttkay Gy\u00f6rgy horv\u00e1t hist\u00f3ri\u00e1ja<\/em>, Budimpe\u0161ta, Argumentum, 2000., 248 str. (Irodalomt\u00f6rt\u00e9neti F\u00fczetek, 148).<\/li>\n<\/ul>\n<p><strong>\u00a0<\/strong><strong>Ure\u0111ivanje, izdanje tekstova<\/strong><\/p>\n<ul type=\"disc\">\n<li>Zr\u00ednyi Mikl\u00f3s <em>V\u00e1logatott levelei<\/em>, prir. S\u00e1ndor Bene, G\u00e1bor Hausner, Budimpe\u0161ta, Balassi, 1997., 332 l.<\/li>\n<li>Petri Gy\u00f6rgy, <em>A szabads\u00e1g hagyom\u00e1nya: A magyar politikai k\u00f6lt\u00e9szet klasszikusai (Petri Gy\u00f6rggyel besz\u00e9lget Kisbali L\u00e1szl\u00f3 \u00e9s Mink Andr\u00e1s)<\/em>, izdanje i komentar tekstova: S\u00e1ndor Bene, Budimpe\u0161ta, Besz\u00e9l\u0151, 2001.<\/li>\n<li>Helikon Irodalomtudom\u00e1nyi Szemle, 2005 \/ 3., tematski broj: \u201eR\u00e9gi az \u00fajban\u201d (suurednik: G\u00e1bor Kecskem\u00e9ti)<\/li>\n<li><em>\u201eHol vagy Istv\u00e1n kir\u00e1ly?\u201d A Szent Istv\u00e1n-hagyom\u00e1ny \u00e9vsz\u00e1zadai<\/em>, ur. S\u00e1ndor Bene, Budimpe\u0161ta, Gondolat, 2006., 329+XII str.<\/li>\n<li><em>H\u0151sgal\u00e9ria: A Zr\u00ednyiek a magyar \u00e9s a horv\u00e1t t\u00f6rt\u00e9nelemben<\/em>, uredili su S\u00e1ndor Bene, G\u00e1bor Hausner, Budimpe\u0161ta, Zr\u00ednyi Kiad\u00f3, 2007., 392 str.<\/li>\n<\/ul>\n<p><strong>Va\u017eniji radovi posljednjih godina<\/strong><\/p>\n<ul type=\"disc\">\n<li><em>Searle, Vico, Patrizi: A t\u00f6rt\u00e9neti pragmatika es\u00e9lye<\/em>, Helikon Irodalomtudom\u00e1nyi Szemle, 2005., br. 3. 239\u2013278.<\/li>\n<li><em>The \u2018ars historica\u2019 debate in Hungary and Transylvania<\/em>, u: <em>Az \u00e9rtelem b\u00e1tors\u00e1ga: Tanulm\u00e1nyok Perj\u00e9s G\u00e9za eml\u00e9k\u00e9re<\/em>, ur. G\u00e1bor Hausner, Budimpe\u0161ta, Argumentum, 2005., 75\u201390.<\/li>\n<li><em>A Szilveszter-bulla nyom\u00e1ban <\/em><em>(P\u00e1zm\u00e1ny P\u00e9ter \u00e9s a Szent Istv\u00e1n-hagyom\u00e1ny 17. sz\u00e1zadi fordul\u00f3pontja)<\/em>, u: <em>\u201eHol vagy Istv\u00e1n kir\u00e1ly?\u201d<\/em>, cit. izd., 89\u2013124.<\/li>\n<li><em>R\u00e9gi \u00f6tletek az \u00faj irodalomt\u00f6rt\u00e9nethez (5+1)<\/em>, Literatura, god. 32. (2006.), 238\u2013251 [suautor: G\u00e1bor Kecskem\u00e9ti].<\/li>\n<li><em>Latin Historiography in Hungary: Writing and Rewriting Myths of Origins,<\/em> u: <em>Myth and Reality: Latin Historiography in Hungary 15th-18th Centuries: Exhibition in the National Sz\u00e9ch\u00e9nyi Library 7 July \u2013 3 September, 2006<\/em>, ed. Istv\u00e1n Monok, Budimpe\u0161ta, OSzK, 2006., 3\u201327.<\/li>\n<li><em>Eljutni Z\u00e1gonba<\/em>, Holmi, 2007., br. 5. 551\u2013571.<br \/>\n(<a href=\"http:\/\/www.holmi.org\/2007\/05\/eljutni-zagonba\">http:\/\/www.holmi.org\/2007\/05\/eljutni-zagonba<\/a>)<\/li>\n<li><em>Eszmet\u00f6rt\u00e9net \u00e9s irodalomt\u00f6rt\u00e9net: A magyar politikai hagyom\u00e1ny kutat\u00e1sa<\/em>, Budapesti K\u00f6nyvszemle, 2007. \/ prolje\u0107e, 50\u201364.<br \/>\n(<a href=\"http:\/\/www.c3.hu\/scripta\/buksz\/honlap\/0701\/09bene.pdf\">http:\/\/www.c3.hu\/scripta\/buksz\/honlap\/0701\/09bene.pdf<\/a> )<\/li>\n<li><em>Az ellen\u00e1ll\u00e1s hermeneutik\u00e1ja <\/em><em>(Egy fejezet a R\u00e1k\u00f3czi- szabads\u00e1gharc politikai publicisztik\u00e1j\u00e1nak t\u00f6rt\u00e9net\u00e9b\u0151l)<\/em>, u: <em>\u201eNem s\u0171lyed az emberis\u00e9g\u2026\u201dAlbum amicorum Sz\u00f6r\u00e9nyi L\u00e1szl\u00f3 LX. sz\u00fclet\u00e9snapj\u00e1ra<\/em>, gl. ur. J\u00f3zsef Jankovics, Budimpe\u0161ta, MTA Irodalomtudom\u00e1nyi Int\u00e9zet, 2007.<br \/>\n(<a href=\"http:\/\/www.iti.mta.hu\/Szorenyi60\/Bene.pdf\">http:\/\/www.iti.mta.hu\/Szorenyi60\/Bene.pdf<\/a> )<\/li>\n<li><em>A Zr\u00ednyiek: Egy csal\u00e1dt\u00f6rt\u00e9net t\u00f6rt\u00e9nete<\/em>,u: <em>H\u0151sgal\u00e9ria<\/em>, cit. izd., 271\u2013319.<\/li>\n<li><em>K\u00f6z\u00e9pkor \u00e9s renesz\u00e1nsz hat\u00e1r\u00e1n (1467\/1471: Megsz\u00fcletnek Andreas Pannonius kir\u00e1lyt\u00fckrei)<\/em>, u: <em>A magyar irodalom t\u00f6rt\u00e9netei<\/em>, I, <em>A kezdetekt\u0151l 1800-ig<\/em>, uredili L\u00e1szl\u00f3 Jankovits, G\u00e9za Orlovszky, Budimpe\u0161ta, Gondolat, 2007., 118\u2013132. (A magyar irodalom t\u00f6rt\u00e9netei, gl. ur. Mih\u00e1ly Szegedy-Masz\u00e1k)<br \/>\n(<a href=\"http:\/\/irodalom.elte.hu\/villanyspenot\/index.php\/1467-1471:_Megsz%C3%BCletnek_Andreas_Pannonius_kir%C3%A1lyt%C3%BCkrei\">http:\/\/irodalom.elte.hu\/villanyspenot\/index.php\/1467-1471:_Megsz%C3%BCletnek_Andreas_Pannonius_kir%C3%A1lyt%C3%BCkrei<\/a> )<\/li>\n<li><em>A J\u00f6v\u0151 t\u00f6rt\u00e9nete \u00e9s az olvas\u00f3k (1653: Zr\u00ednyi befejezi a Vit\u00e9z hadnagyot)<\/em>,ibid., 487\u2013500.<br \/>\n(<a href=\"http:\/\/irodalom.elte.hu\/villanyspenot\/index.php\/1653:_A_j%C3%B6v%C5%91_t%C3%B6rt%C3%A9nete_%C3%A9s_az_olvas%C3%B3k\">http:\/\/irodalom.elte.hu\/villanyspenot\/index.php\/1653:_A_j%C3%B6v%C5%91_<br \/>\nt%C3%B6rt%C3%A9nete_%C3%A9s_az_olvas%C3%B3k<\/a> )<\/li>\n<li><em>Javaslatok egy \u00faj irodalomt\u00f6rt\u00e9net elvi alapvet\u00e9s\u00e9hez \u00e9s r\u00e9gi irodalmi r\u00e9sz\u00e9nek fel\u00e9p\u00edt\u00e9s\u00e9hez<\/em> [suautor: G\u00e1bor Kecskem\u00e9ti], Helikon Irodalomtudom\u00e1nyi Szemle, 2009., br. 1-2., 201\u2013225.<\/li>\n<li><em>Politika \u00e9s teol\u00f3gia Borso d\u2019 Este Ferrar\u00e1j\u00e1ban (Andreas Pannonius kir\u00e1lyt\u00fckreinek skolasztikus forr\u00e1sai)<\/em>, u:<em> Renesz\u00e1nsz filoz\u00f3fia<\/em>, ur. G\u00e1bor Boros, Budimpe\u0161ta, ELTE BTK, 2009. Isti \u010dlanak u: Vil\u00e1goss\u00e1g, 50 (2009), 5-17.<br \/>\n(<a href=\"http:\/\/www.matarka.hu\/cikk_list.php?fusz=51611\">http:\/\/www.matarka.hu\/cikk_list.php?fusz=51611<\/a>)<\/li>\n<li><em>Mikl\u00f3s Zr\u00ednyi in post World War II scholarly Literature<\/em>, u:<em> Militia et litterae: Die beiden Nikolaus Zr\u00ednyi und Europa<\/em>, hrsg. Wilhelm K\u00fchlmann, G\u00e1bor T\u00fcsk\u00e9s, S\u00e1ndor Bene, T\u00fcbingen, Niemeyer, 2009., 411\u2013430. (Fr\u00fche Neuzeit, Band 141.)<\/li>\n<li><em>Illyria or what you will: Luigi Ferdinando Marsigli\u2019s and Pavao Ritter Vitezovic\u2019s \u201emapping\u201d of the borderlands recaptured from the Ottomans<\/em> U:<em> Whose Love of Which Country: Composite States, National Histories and Patriotic Discourses in Early Modern East Central Europe<\/em>, eds. Bal\u00e1zs Trencs\u00e9nyi, M\u00e1rton Z\u00e1szkaliczky, Leiden\u2013Boston, Brill, 2010., 351\u2013404. (Studies in the History of Political Thought, vol 3.)<\/li>\n<li><em>Where Paradigms Meet: The Theology of Political Virtues in Andreas Pannonius\u2019 Mirrors for Princes<\/em>, u: <em>Italy and Hungary: Humanism and Art in the Early Renaissance<\/em>, eds. P\u00e9ter Farbaky, Louis Waldman, u postupku objavljenja (Firenze, Villa I Tatti \u2013 The Harvard Renaissance Center, 2010.)<\/li>\n<\/ul>\n<p><strong>Na hrvatskom jeziku<\/strong><\/p>\n<ul type=\"disc\">\n<li><em>Andrija Dudi\u0107, hrvatski i ma\u0111arski humanist (Nova istra\u017eivanja), <\/em>Povijesni prilozi, 1996., br. 1, 327-331.<\/li>\n<li><em>Politika i genealogija (Pone\u0161to o podrijetlu Zrinskih)<\/em>, Hrvatski sjever, 1996., br. 2-3, 108-128.<\/li>\n<li><em>Tu\u0111a odora i vlasulja<\/em>, Kolo, 1996, br. 3., 243-250.<\/li>\n<li><em>Petar Zrinski i Fran Krsto Frankopan u Regensburgu, god. 1664<\/em>, Rije\u0107 (Budimpe\u0161ta), 1998., br. 1.<\/li>\n<li><em>Ideolo\u0161ke koncepcije o stale\u0161koj dr\u017eavi zagreba\u010dkoga kanonika<\/em>, u: Juraj Rattkay, <em>Spomen na kraljeve i banove kraljevstava Dalmacije, Hrvatske i Slavonije<\/em>, uvodna studija dr. Sandor Bene, glavni urednik dr. Mirko Valenti\u0107, Zagreb, 2001., 4-103. (Biblioteka Hrvatska povjesnica \u2013 Hrvatska latinisti\u010dka historiografija, 4)<\/li>\n<li><em>Od kupovine knjiga do kupovina pisaca: bra\u0107a Zrinski u me\u0111unarodnoj propagandi (1663\u20131666) <\/em>= <em>400. obljetnice Nacionalne i sveu\u010dili\u0161ne kni\u017enice u Zagrebu: Zbornik radova sa znanstvenog-stru\u010dnog skupa<\/em>, urednica Mirna Walter, CD-ROM, Zagreb, Nacionalna i sveu\u010dili\u0161na kni\u017enica, 2007., 39\u201350.<\/li>\n<\/ul>\n","protected":false},"excerpt":{"rendered":"<p>\u017dIVOTOPIS: Studij i zaposlenje 1964. &#8211; ro\u0111en je u Budimpe\u0161ti 1989. &#8211; diplomirao je klasi\u010dnu filologiju i ma\u0111arski jezik i knji\u017eevnost na\u00a0 Filolo\u0161kom fakultetu sveu\u010dili\u0161ta\u00a0 \u201eLor\u00e1nd E\u00f6tv\u00f6s\u201c u Budimpe\u0161ti 1989\u20131992. &#8211; bavio se istra\u017eiva\u010dkim radom pripremaju\u0107i doktorat pri Institutu za &hellip; <a href=\"https:\/\/hungarologija.ffzg.unizg.hr\/?page_id=25\">Nastavi \u010ditati <span class=\"meta-nav\">&rarr;<\/span><\/a><\/p>\n","protected":false},"author":1,"featured_media":0,"parent":482,"menu_order":0,"comment_status":"closed","ping_status":"closed","template":"","meta":{"ngg_post_thumbnail":0,"footnotes":""},"_links":{"self":[{"href":"https:\/\/hungarologija.ffzg.unizg.hr\/index.php?rest_route=\/wp\/v2\/pages\/25"}],"collection":[{"href":"https:\/\/hungarologija.ffzg.unizg.hr\/index.php?rest_route=\/wp\/v2\/pages"}],"about":[{"href":"https:\/\/hungarologija.ffzg.unizg.hr\/index.php?rest_route=\/wp\/v2\/types\/page"}],"author":[{"embeddable":true,"href":"https:\/\/hungarologija.ffzg.unizg.hr\/index.php?rest_route=\/wp\/v2\/users\/1"}],"replies":[{"embeddable":true,"href":"https:\/\/hungarologija.ffzg.unizg.hr\/index.php?rest_route=%2Fwp%2Fv2%2Fcomments&post=25"}],"version-history":[{"count":4,"href":"https:\/\/hungarologija.ffzg.unizg.hr\/index.php?rest_route=\/wp\/v2\/pages\/25\/revisions"}],"predecessor-version":[{"id":543,"href":"https:\/\/hungarologija.ffzg.unizg.hr\/index.php?rest_route=\/wp\/v2\/pages\/25\/revisions\/543"}],"up":[{"embeddable":true,"href":"https:\/\/hungarologija.ffzg.unizg.hr\/index.php?rest_route=\/wp\/v2\/pages\/482"}],"wp:attachment":[{"href":"https:\/\/hungarologija.ffzg.unizg.hr\/index.php?rest_route=%2Fwp%2Fv2%2Fmedia&parent=25"}],"curies":[{"name":"wp","href":"https:\/\/api.w.org\/{rel}","templated":true}]}}